{"id":2794,"date":"2023-12-27T16:11:43","date_gmt":"2023-12-27T14:11:43","guid":{"rendered":"https:\/\/cetateacalnic.ro\/kurze-geschichte-der-siedlung-calnic\/"},"modified":"2024-07-08T10:12:20","modified_gmt":"2024-07-08T07:12:20","slug":"kurze-geschichte-der-siedlung-calnic","status":"publish","type":"page","link":"https:\/\/bisericacincu.ro\/de\/kurze-geschichte-der-siedlung-calnic\/","title":{"rendered":"Kurze Geschichte der Siedlung Cincu"},"content":{"rendered":"<p><div class=\"fusion-fullwidth fullwidth-box fusion-builder-row-1 fusion-flex-container has-pattern-background has-mask-background nonhundred-percent-fullwidth non-hundred-percent-height-scrolling\" style=\"--awb-border-radius-top-left:0px;--awb-border-radius-top-right:0px;--awb-border-radius-bottom-right:0px;--awb-border-radius-bottom-left:0px;--awb-padding-top:0px;--awb-padding-bottom:0px;--awb-padding-bottom-medium:0px;--awb-padding-top-small:0px;--awb-padding-bottom-small:0px;--awb-margin-top:60px;--awb-margin-bottom:0px;--awb-margin-top-medium:0px;--awb-margin-bottom-medium:0px;--awb-margin-top-small:0px;--awb-margin-bottom-small:0px;--awb-flex-wrap:wrap;\" ><div class=\"fusion-builder-row fusion-row fusion-flex-align-items-center fusion-flex-content-wrap\" style=\"max-width:1310.4px;margin-left: calc(-4% \/ 2 );margin-right: calc(-4% \/ 2 );\"><div class=\"fusion-layout-column fusion_builder_column fusion-builder-column-0 fusion_builder_column_1_2 1_2 fusion-flex-column\" style=\"--awb-bg-size:cover;--awb-width-large:50%;--awb-margin-top-large:20px;--awb-spacing-right-large:3.84%;--awb-margin-bottom-large:20px;--awb-spacing-left-large:3.84%;--awb-width-medium:50%;--awb-order-medium:0;--awb-spacing-right-medium:3.84%;--awb-spacing-left-medium:3.84%;--awb-width-small:100%;--awb-order-small:0;--awb-spacing-right-small:1.92%;--awb-spacing-left-small:1.92%;\" data-scroll-devices=\"small-visibility,medium-visibility,large-visibility\"><div class=\"fusion-column-wrapper fusion-column-has-shadow fusion-flex-justify-content-flex-start fusion-content-layout-column\"><div class=\"fusion-title title fusion-title-1 fusion-sep-none fusion-title-text fusion-title-size-three\" style=\"--awb-text-color:var(--awb-custom_color_1);--awb-font-size:30px;\"><h3 class=\"fusion-title-heading title-heading-left sm-text-align-center fusion-responsive-typography-calculated\" style=\"margin:0;font-size:1em;--fontSize:30;line-height:1.3;\">Geschichte<span style=\"color: var(--awb-black);\">.<\/span><\/h3><\/div><div class=\"fusion-text fusion-text-1\" style=\"--awb-font-size:18px;--awb-text-color:var(--awb-custom_color_1);\"><p>Die Wehrkirche \u201eCincu\u201c ist der Jungfrau Maria geweiht und eine der gr\u00f6\u00dften r\u00f6mischen Basiliken in einer s\u00e4chsischen Stadt in Rum\u00e4nien. Aufgrund der Lage des Geb\u00e4udes auf einem H\u00fcgel zwischen den Fl\u00fcssen Olt und H\u00e2rtibaciu, der \u00fcber drei sehr steile Seiten verf\u00fcgt, gilt die Kirche als einzigartige Basilika, da ihre Verteidigung nur auf der Westseite des H\u00fcgels erfolgte. Die Kirche wurde Mitte des 13. Jahrhunderts von deutschen Siedlern im Dorf \u201eCincu\u201c im Kreis Bra\u0219ov erbaut.<\/p>\n<\/div><\/div><\/div><div class=\"fusion-layout-column fusion_builder_column fusion-builder-column-1 fusion_builder_column_1_2 1_2 fusion-flex-column\" style=\"--awb-bg-position:center top;--awb-bg-size:cover;--awb-width-large:50%;--awb-margin-top-large:10px;--awb-spacing-right-large:3.84%;--awb-margin-bottom-large:10px;--awb-spacing-left-large:3.84%;--awb-width-medium:50%;--awb-order-medium:0;--awb-spacing-right-medium:3.84%;--awb-spacing-left-medium:3.84%;--awb-width-small:100%;--awb-order-small:0;--awb-spacing-right-small:1.92%;--awb-spacing-left-small:1.92%;\" data-scroll-devices=\"small-visibility,medium-visibility,large-visibility\"><div class=\"fusion-column-wrapper fusion-column-has-shadow fusion-flex-justify-content-flex-start fusion-content-layout-column\"><div class=\"fusion-image-element \" style=\"--awb-caption-title-font-family:var(--h2_typography-font-family);--awb-caption-title-font-weight:var(--h2_typography-font-weight);--awb-caption-title-font-style:var(--h2_typography-font-style);--awb-caption-title-size:var(--h2_typography-font-size);--awb-caption-title-transform:var(--h2_typography-text-transform);--awb-caption-title-line-height:var(--h2_typography-line-height);--awb-caption-title-letter-spacing:var(--h2_typography-letter-spacing);\"><span class=\" fusion-imageframe imageframe-none imageframe-1 hover-type-none\" style=\"border-radius:12px;\"><img decoding=\"async\" width=\"1081\" height=\"720\" title=\"biserica-cincu-galerie-4\" src=\"https:\/\/bisericacincu.ro\/wp-content\/uploads\/2024\/07\/biserica-cincu-galerie-4.jpeg\" data-orig-src=\"https:\/\/bisericacincu.ro\/wp-content\/uploads\/2024\/07\/biserica-cincu-galerie-4.jpeg\" alt class=\"lazyload img-responsive wp-image-2883\" srcset=\"data:image\/svg+xml,%3Csvg%20xmlns%3D%27http%3A%2F%2Fwww.w3.org%2F2000%2Fsvg%27%20width%3D%271081%27%20height%3D%27720%27%20viewBox%3D%270%200%201081%20720%27%3E%3Crect%20width%3D%271081%27%20height%3D%27720%27%20fill-opacity%3D%220%22%2F%3E%3C%2Fsvg%3E\" data-srcset=\"https:\/\/bisericacincu.ro\/wp-content\/uploads\/2024\/07\/biserica-cincu-galerie-4-200x133.jpeg 200w, https:\/\/bisericacincu.ro\/wp-content\/uploads\/2024\/07\/biserica-cincu-galerie-4-400x266.jpeg 400w, https:\/\/bisericacincu.ro\/wp-content\/uploads\/2024\/07\/biserica-cincu-galerie-4-600x400.jpeg 600w, https:\/\/bisericacincu.ro\/wp-content\/uploads\/2024\/07\/biserica-cincu-galerie-4-800x533.jpeg 800w, https:\/\/bisericacincu.ro\/wp-content\/uploads\/2024\/07\/biserica-cincu-galerie-4.jpeg 1081w\" data-sizes=\"auto\" data-orig-sizes=\"(max-width: 640px) 100vw, 600px\" \/><\/span><\/div><\/div><\/div><\/div><\/div><div class=\"fusion-fullwidth fullwidth-box fusion-builder-row-2 fusion-flex-container has-pattern-background has-mask-background nonhundred-percent-fullwidth non-hundred-percent-height-scrolling\" style=\"--awb-border-radius-top-left:0px;--awb-border-radius-top-right:0px;--awb-border-radius-bottom-right:0px;--awb-border-radius-bottom-left:0px;--awb-padding-top:0px;--awb-padding-bottom:0px;--awb-padding-bottom-medium:0px;--awb-padding-top-small:0px;--awb-padding-bottom-small:0px;--awb-margin-top:40px;--awb-margin-bottom:60px;--awb-margin-top-medium:0px;--awb-margin-bottom-medium:0px;--awb-margin-top-small:0px;--awb-margin-bottom-small:0px;--awb-flex-wrap:wrap;\" ><div class=\"fusion-builder-row fusion-row fusion-flex-align-items-center fusion-flex-content-wrap\" style=\"max-width:1310.4px;margin-left: calc(-4% \/ 2 );margin-right: calc(-4% \/ 2 );\"><div class=\"fusion-layout-column fusion_builder_column fusion-builder-column-2 fusion_builder_column_1_2 1_2 fusion-flex-column\" style=\"--awb-bg-size:cover;--awb-width-large:50%;--awb-margin-top-large:20px;--awb-spacing-right-large:3.84%;--awb-margin-bottom-large:20px;--awb-spacing-left-large:3.84%;--awb-width-medium:50%;--awb-order-medium:0;--awb-spacing-right-medium:3.84%;--awb-spacing-left-medium:3.84%;--awb-width-small:100%;--awb-order-small:0;--awb-spacing-right-small:1.92%;--awb-spacing-left-small:1.92%;\" data-scroll-devices=\"small-visibility,medium-visibility,large-visibility\"><div class=\"fusion-column-wrapper fusion-column-has-shadow fusion-flex-justify-content-flex-start fusion-content-layout-column\"><div class=\"fusion-title title fusion-title-2 fusion-sep-none fusion-title-text fusion-title-size-three\" style=\"--awb-text-color:var(--awb-custom_color_1);--awb-font-size:30px;\"><h3 class=\"fusion-title-heading title-heading-left sm-text-align-center fusion-responsive-typography-calculated\" style=\"margin:0;font-size:1em;--fontSize:30;line-height:1.3;\">Die Siedlung<span style=\"color: var(--awb-black);\">.<\/span><\/h3><\/div><div class=\"fusion-text fusion-text-2\" style=\"--awb-font-size:18px;--awb-text-color:var(--awb-custom_color_1);\"><p>Die Siedlung wurde Mitte des 12. Jahrhunderts von s\u00e4chsischen Siedlern auf einem Plateau zwischen den Fl\u00fcssen Olt und H\u00e2rtibaciu gegr\u00fcndet. Es wurde bald zum Zentrum von Schenk, erstmals urkundlich erw\u00e4hnt aus dem Jahr 1329.<\/p>\n<p>Die Befestigung der Kirche erfolgte zwischen 1522 und 1526, wie die Inschriften im Chor und im Kirchenschiff belegen, sie erfuhr jedoch auch nach dem Ende der T\u00fcrkengefahr und nach dem Brand von 1789 Ver\u00e4nderungen.<\/p>\n<\/div><\/div><\/div><div class=\"fusion-layout-column fusion_builder_column fusion-builder-column-3 fusion_builder_column_1_2 1_2 fusion-flex-column\" style=\"--awb-bg-position:center top;--awb-bg-size:cover;--awb-width-large:50%;--awb-margin-top-large:10px;--awb-spacing-right-large:3.84%;--awb-margin-bottom-large:10px;--awb-spacing-left-large:3.84%;--awb-width-medium:50%;--awb-order-medium:0;--awb-spacing-right-medium:3.84%;--awb-spacing-left-medium:3.84%;--awb-width-small:100%;--awb-order-small:0;--awb-spacing-right-small:1.92%;--awb-spacing-left-small:1.92%;\" data-scroll-devices=\"small-visibility,medium-visibility,large-visibility\"><div class=\"fusion-column-wrapper fusion-column-has-shadow fusion-flex-justify-content-flex-start fusion-content-layout-column\"><div class=\"fusion-image-element \" style=\"--awb-caption-title-font-family:var(--h2_typography-font-family);--awb-caption-title-font-weight:var(--h2_typography-font-weight);--awb-caption-title-font-style:var(--h2_typography-font-style);--awb-caption-title-size:var(--h2_typography-font-size);--awb-caption-title-transform:var(--h2_typography-text-transform);--awb-caption-title-line-height:var(--h2_typography-line-height);--awb-caption-title-letter-spacing:var(--h2_typography-letter-spacing);\"><span class=\" fusion-imageframe imageframe-none imageframe-2 hover-type-none\" style=\"border-radius:12px;\"><a class=\"fusion-no-lightbox\" href=\"https:\/\/www.google.com\/maps\/place\/Cincu\/@45.9133911,24.7934174,15z\/data=!3m1!4b1!4m6!3m5!1s0x474c9c34726e1a07:0xb92304952cb73188!8m2!3d45.9131613!4d24.8062972!16s%2Fg%2F1q6h_1_6z?entry=ttu\" target=\"_blank\" aria-label=\"asezare-cincu\" rel=\"noopener noreferrer\"><img decoding=\"async\" width=\"1632\" height=\"1204\" src=\"https:\/\/bisericacincu.ro\/wp-content\/uploads\/2024\/07\/asezare-cincu.png\" data-orig-src=\"https:\/\/bisericacincu.ro\/wp-content\/uploads\/2024\/07\/asezare-cincu.png\" alt class=\"lazyload img-responsive wp-image-2893\" srcset=\"data:image\/svg+xml,%3Csvg%20xmlns%3D%27http%3A%2F%2Fwww.w3.org%2F2000%2Fsvg%27%20width%3D%271632%27%20height%3D%271204%27%20viewBox%3D%270%200%201632%201204%27%3E%3Crect%20width%3D%271632%27%20height%3D%271204%27%20fill-opacity%3D%220%22%2F%3E%3C%2Fsvg%3E\" data-srcset=\"https:\/\/bisericacincu.ro\/wp-content\/uploads\/2024\/07\/asezare-cincu-200x148.png 200w, https:\/\/bisericacincu.ro\/wp-content\/uploads\/2024\/07\/asezare-cincu-400x295.png 400w, https:\/\/bisericacincu.ro\/wp-content\/uploads\/2024\/07\/asezare-cincu-600x443.png 600w, https:\/\/bisericacincu.ro\/wp-content\/uploads\/2024\/07\/asezare-cincu-800x590.png 800w, https:\/\/bisericacincu.ro\/wp-content\/uploads\/2024\/07\/asezare-cincu-1200x885.png 1200w, https:\/\/bisericacincu.ro\/wp-content\/uploads\/2024\/07\/asezare-cincu.png 1632w\" data-sizes=\"auto\" data-orig-sizes=\"(max-width: 640px) 100vw, 600px\" \/><\/a><\/span><\/div><\/div><\/div><\/div><\/div><\/p>\n","protected":false},"excerpt":{"rendered":"","protected":false},"author":1,"featured_media":0,"parent":0,"menu_order":0,"comment_status":"closed","ping_status":"closed","template":"100-width.php","meta":{"footnotes":""},"class_list":["post-2794","page","type-page","status-publish","hentry"],"yoast_head":"<!-- This site is optimized with the Yoast SEO plugin v26.5 - https:\/\/yoast.com\/wordpress\/plugins\/seo\/ -->\n<title>Kurze Geschichte der Siedlung Cincu - Biserica Fortificat\u0103 Cincu<\/title>\n<meta name=\"description\" content=\"Die Wehrkirche \u201eCincu\u201c wurde Mitte des 13. Jahrhunderts von deutschen Siedlern erbaut.\" \/>\n<meta name=\"robots\" content=\"index, follow, max-snippet:-1, max-image-preview:large, max-video-preview:-1\" \/>\n<link rel=\"canonical\" href=\"https:\/\/bisericacincu.ro\/de\/kurze-geschichte-der-siedlung-calnic\/\" \/>\n<meta property=\"og:locale\" content=\"de_DE\" \/>\n<meta property=\"og:type\" content=\"article\" \/>\n<meta property=\"og:title\" content=\"Kurze Geschichte der Siedlung Cincu - Biserica Fortificat\u0103 Cincu\" \/>\n<meta property=\"og:description\" content=\"Reparatur, Erhaltung und Einf\u00fchrung in den touristischen Rundgang des Komplexes der befestigten evangelischen Kirche \u201eCincu\u201c.\" \/>\n<meta property=\"og:url\" content=\"https:\/\/bisericacincu.ro\/de\/kurze-geschichte-der-siedlung-calnic\/\" \/>\n<meta property=\"og:site_name\" content=\"Biserica Fortificat\u0103 Cincu\" \/>\n<meta property=\"article:modified_time\" content=\"2024-07-08T07:12:20+00:00\" \/>\n<meta name=\"twitter:card\" content=\"summary_large_image\" \/>\n<meta name=\"twitter:title\" content=\"Befestigte Kirche Cincu\" \/>\n<meta name=\"twitter:description\" content=\"Reparatur, Erhaltung und Einf\u00fchrung in den touristischen Rundgang des Komplexes der befestigten evangelischen Kirche \u201eCincu\u201c.\" \/>\n<meta name=\"twitter:label1\" content=\"Gesch\u00e4tzte Lesezeit\" \/>\n\t<meta name=\"twitter:data1\" content=\"23\u00a0Minuten\" \/>\n<script type=\"application\/ld+json\" class=\"yoast-schema-graph\">{\"@context\":\"https:\/\/schema.org\",\"@graph\":[{\"@type\":\"WebPage\",\"@id\":\"https:\/\/bisericacincu.ro\/de\/kurze-geschichte-der-siedlung-calnic\/\",\"url\":\"https:\/\/bisericacincu.ro\/de\/kurze-geschichte-der-siedlung-calnic\/\",\"name\":\"Kurze Geschichte der Siedlung Cincu - Biserica Fortificat\u0103 Cincu\",\"isPartOf\":{\"@id\":\"https:\/\/bisericacincu.ro\/#website\"},\"datePublished\":\"2023-12-27T14:11:43+00:00\",\"dateModified\":\"2024-07-08T07:12:20+00:00\",\"description\":\"Die Wehrkirche \u201eCincu\u201c wurde Mitte des 13. Jahrhunderts von deutschen Siedlern erbaut.\",\"breadcrumb\":{\"@id\":\"https:\/\/bisericacincu.ro\/de\/kurze-geschichte-der-siedlung-calnic\/#breadcrumb\"},\"inLanguage\":\"de\",\"potentialAction\":[{\"@type\":\"ReadAction\",\"target\":[\"https:\/\/bisericacincu.ro\/de\/kurze-geschichte-der-siedlung-calnic\/\"]}]},{\"@type\":\"BreadcrumbList\",\"@id\":\"https:\/\/bisericacincu.ro\/de\/kurze-geschichte-der-siedlung-calnic\/#breadcrumb\",\"itemListElement\":[{\"@type\":\"ListItem\",\"position\":1,\"name\":\"Prima pagin\u0103\",\"item\":\"https:\/\/bisericacincu.ro\/de\/startseite\/\"},{\"@type\":\"ListItem\",\"position\":2,\"name\":\"Kurze Geschichte der Siedlung Cincu\"}]},{\"@type\":\"WebSite\",\"@id\":\"https:\/\/bisericacincu.ro\/#website\",\"url\":\"https:\/\/bisericacincu.ro\/\",\"name\":\"Biserica Fortificat\u0103 Cincu\",\"description\":\"\",\"potentialAction\":[{\"@type\":\"SearchAction\",\"target\":{\"@type\":\"EntryPoint\",\"urlTemplate\":\"https:\/\/bisericacincu.ro\/?s={search_term_string}\"},\"query-input\":{\"@type\":\"PropertyValueSpecification\",\"valueRequired\":true,\"valueName\":\"search_term_string\"}}],\"inLanguage\":\"de\"}]}<\/script>\n<!-- \/ Yoast SEO plugin. -->","yoast_head_json":{"title":"Kurze Geschichte der Siedlung Cincu - Biserica Fortificat\u0103 Cincu","description":"Die Wehrkirche \u201eCincu\u201c wurde Mitte des 13. Jahrhunderts von deutschen Siedlern erbaut.","robots":{"index":"index","follow":"follow","max-snippet":"max-snippet:-1","max-image-preview":"max-image-preview:large","max-video-preview":"max-video-preview:-1"},"canonical":"https:\/\/bisericacincu.ro\/de\/kurze-geschichte-der-siedlung-calnic\/","og_locale":"de_DE","og_type":"article","og_title":"Kurze Geschichte der Siedlung Cincu - Biserica Fortificat\u0103 Cincu","og_description":"Reparatur, Erhaltung und Einf\u00fchrung in den touristischen Rundgang des Komplexes der befestigten evangelischen Kirche \u201eCincu\u201c.","og_url":"https:\/\/bisericacincu.ro\/de\/kurze-geschichte-der-siedlung-calnic\/","og_site_name":"Biserica Fortificat\u0103 Cincu","article_modified_time":"2024-07-08T07:12:20+00:00","twitter_card":"summary_large_image","twitter_title":"Befestigte Kirche Cincu","twitter_description":"Reparatur, Erhaltung und Einf\u00fchrung in den touristischen Rundgang des Komplexes der befestigten evangelischen Kirche \u201eCincu\u201c.","twitter_misc":{"Gesch\u00e4tzte Lesezeit":"23\u00a0Minuten"},"schema":{"@context":"https:\/\/schema.org","@graph":[{"@type":"WebPage","@id":"https:\/\/bisericacincu.ro\/de\/kurze-geschichte-der-siedlung-calnic\/","url":"https:\/\/bisericacincu.ro\/de\/kurze-geschichte-der-siedlung-calnic\/","name":"Kurze Geschichte der Siedlung Cincu - Biserica Fortificat\u0103 Cincu","isPartOf":{"@id":"https:\/\/bisericacincu.ro\/#website"},"datePublished":"2023-12-27T14:11:43+00:00","dateModified":"2024-07-08T07:12:20+00:00","description":"Die Wehrkirche \u201eCincu\u201c wurde Mitte des 13. Jahrhunderts von deutschen Siedlern erbaut.","breadcrumb":{"@id":"https:\/\/bisericacincu.ro\/de\/kurze-geschichte-der-siedlung-calnic\/#breadcrumb"},"inLanguage":"de","potentialAction":[{"@type":"ReadAction","target":["https:\/\/bisericacincu.ro\/de\/kurze-geschichte-der-siedlung-calnic\/"]}]},{"@type":"BreadcrumbList","@id":"https:\/\/bisericacincu.ro\/de\/kurze-geschichte-der-siedlung-calnic\/#breadcrumb","itemListElement":[{"@type":"ListItem","position":1,"name":"Prima pagin\u0103","item":"https:\/\/bisericacincu.ro\/de\/startseite\/"},{"@type":"ListItem","position":2,"name":"Kurze Geschichte der Siedlung Cincu"}]},{"@type":"WebSite","@id":"https:\/\/bisericacincu.ro\/#website","url":"https:\/\/bisericacincu.ro\/","name":"Biserica Fortificat\u0103 Cincu","description":"","potentialAction":[{"@type":"SearchAction","target":{"@type":"EntryPoint","urlTemplate":"https:\/\/bisericacincu.ro\/?s={search_term_string}"},"query-input":{"@type":"PropertyValueSpecification","valueRequired":true,"valueName":"search_term_string"}}],"inLanguage":"de"}]}},"_links":{"self":[{"href":"https:\/\/bisericacincu.ro\/de\/wp-json\/wp\/v2\/pages\/2794","targetHints":{"allow":["GET"]}}],"collection":[{"href":"https:\/\/bisericacincu.ro\/de\/wp-json\/wp\/v2\/pages"}],"about":[{"href":"https:\/\/bisericacincu.ro\/de\/wp-json\/wp\/v2\/types\/page"}],"author":[{"embeddable":true,"href":"https:\/\/bisericacincu.ro\/de\/wp-json\/wp\/v2\/users\/1"}],"replies":[{"embeddable":true,"href":"https:\/\/bisericacincu.ro\/de\/wp-json\/wp\/v2\/comments?post=2794"}],"version-history":[{"count":11,"href":"https:\/\/bisericacincu.ro\/de\/wp-json\/wp\/v2\/pages\/2794\/revisions"}],"predecessor-version":[{"id":2921,"href":"https:\/\/bisericacincu.ro\/de\/wp-json\/wp\/v2\/pages\/2794\/revisions\/2921"}],"wp:attachment":[{"href":"https:\/\/bisericacincu.ro\/de\/wp-json\/wp\/v2\/media?parent=2794"}],"curies":[{"name":"wp","href":"https:\/\/api.w.org\/{rel}","templated":true}]}}